{"id":64,"date":"2022-03-31T08:56:29","date_gmt":"2022-03-31T08:56:29","guid":{"rendered":"http:\/\/localhost\/eurolab\/?page_id=64"},"modified":"2024-08-07T12:29:30","modified_gmt":"2024-08-07T12:29:30","slug":"karijera","status":"publish","type":"page","link":"https:\/\/eurolab.hr\/en\/karijera\/","title":{"rendered":"Career"},"content":{"rendered":"<h2 class=\"wp-block-heading\">Why Eurolab?<\/h2>\r\n\r\n\r\n\r\n<p>Eurolab je albansko poduze\u0107e koje je imalo najbr\u017ei rast i \u0161irenje, diljem zemlje i regije. Imate priliku izazvati sebe, profesionalno napredovati i unaprijediti svoju karijeru na 8 tr\u017ei\u0161ta u razli\u010ditim smjerovima, uklju\u010duju\u0107i odjele prodaje, marketinga, logistike, financije I ostale odjele, zahvaljuju\u0107i kulturi, radnom okru\u017eenju i \u0161to je najva\u017enije, na\u0161em kvalificiranom timu \u2013 Nebo je granica! Dobro nam do\u0161li!<\/p>\r\n\r\n\r\n\r\n<p>&nbsp;<\/p>\r\n<p>For more information around our company's policy <strong><a style=\"color: #007bff;\" href=\"https:\/\/qrfy.com\/p\/JFzZGlVeYo\" target=\"_blank\" rel=\"noopener\">KLIKNITE OVDJE<\/a><\/strong><\/p>","protected":false},"excerpt":{"rendered":"<p>Za\u0161to Eurolab? Eurolab je albansko poduze\u0107e koje je imalo najbr\u017ei rast i \u0161irenje, diljem zemlje i regije. Imate priliku izazvati sebe, profesionalno napredovati i unaprijediti svoju karijeru na 8 tr\u017ei\u0161ta u razli\u010ditim smjerovima, uklju\u010duju\u0107i odjele prodaje, marketinga, logistike, financije I ostale odjele, zahvaljuju\u0107i kulturi, radnom okru\u017eenju i \u0161to je najva\u017enije, na\u0161em kvalificiranom timu \u2013 Nebo [&hellip;]<\/p>\n","protected":false},"author":1,"featured_media":881,"parent":0,"menu_order":0,"comment_status":"closed","ping_status":"closed","template":"karriera.php","meta":{"_acf_changed":false,"inline_featured_image":false,"iawp_total_views":464,"footnotes":""},"class_list":["post-64","page","type-page","status-publish","has-post-thumbnail","hentry"],"acf":[],"_links":{"self":[{"href":"https:\/\/eurolab.hr\/en\/wp-json\/wp\/v2\/pages\/64","targetHints":{"allow":["GET"]}}],"collection":[{"href":"https:\/\/eurolab.hr\/en\/wp-json\/wp\/v2\/pages"}],"about":[{"href":"https:\/\/eurolab.hr\/en\/wp-json\/wp\/v2\/types\/page"}],"author":[{"embeddable":true,"href":"https:\/\/eurolab.hr\/en\/wp-json\/wp\/v2\/users\/1"}],"replies":[{"embeddable":true,"href":"https:\/\/eurolab.hr\/en\/wp-json\/wp\/v2\/comments?post=64"}],"version-history":[{"count":6,"href":"https:\/\/eurolab.hr\/en\/wp-json\/wp\/v2\/pages\/64\/revisions"}],"predecessor-version":[{"id":875,"href":"https:\/\/eurolab.hr\/en\/wp-json\/wp\/v2\/pages\/64\/revisions\/875"}],"wp:featuredmedia":[{"embeddable":true,"href":"https:\/\/eurolab.hr\/en\/wp-json\/wp\/v2\/media\/881"}],"wp:attachment":[{"href":"https:\/\/eurolab.hr\/en\/wp-json\/wp\/v2\/media?parent=64"}],"curies":[{"name":"wp","href":"https:\/\/api.w.org\/{rel}","templated":true}]}}