{"id":38,"date":"2022-03-28T12:11:04","date_gmt":"2022-03-28T12:11:04","guid":{"rendered":"http:\/\/localhost\/eurolab\/?page_id=38"},"modified":"2025-02-18T16:11:47","modified_gmt":"2025-02-18T16:11:47","slug":"o-nama","status":"publish","type":"page","link":"https:\/\/eurolab.hr\/en\/o-nama\/","title":{"rendered":"About Us"},"content":{"rendered":"<h2 class=\"wp-block-heading\">EUROLAB INTERNACIONAL GRUP<\/h2>\r\n\r\n\r\n\r\n<p>EUROLAB INTERNATIONAL GRUP was founded in 1995, as one of the pioneer companies in the sector of sale, distribution and import of food and beverage products in Albania.<\/p>\r\n\r\n\r\n\r\n<div class=\"wp-block-media-text alignfull has-media-on-the-right is-stacked-on-mobile is-vertically-aligned-center\">\r\n<figure class=\"wp-block-media-text__media\"><img loading=\"lazy\" decoding=\"async\" width=\"1920\" height=\"1280\" class=\"wp-image-483 size-full\" src=\"https:\/\/eurolab.hr\/wp-content\/uploads\/2022\/09\/EUROLAB-4-of-77.jpg\" alt=\"\" srcset=\"https:\/\/eurolab.hr\/wp-content\/uploads\/2022\/09\/EUROLAB-4-of-77.jpg 1920w, https:\/\/eurolab.hr\/wp-content\/uploads\/2022\/09\/EUROLAB-4-of-77-300x200.jpg 300w, https:\/\/eurolab.hr\/wp-content\/uploads\/2022\/09\/EUROLAB-4-of-77-768x512.jpg 768w, https:\/\/eurolab.hr\/wp-content\/uploads\/2022\/09\/EUROLAB-4-of-77-1536x1024.jpg 1536w, https:\/\/eurolab.hr\/wp-content\/uploads\/2022\/09\/EUROLAB-4-of-77-18x12.jpg 18w\" sizes=\"auto, (max-width: 1920px) 100vw, 1920px\" \/><\/figure>\r\n<div class=\"wp-block-media-text__content\">\r\n<h3 class=\"has-text-align-center has-text-color wp-block-heading\" style=\"color: #000000;\">\u00a0<\/h3>\r\n\r\n\r\n\r\n<p class=\"has-text-align-center has-extra-small-font-size\">Deset tr\u017ei\u0161ta jugoisto\u010dne Europe na kojima trenutno poslujemo su: Albanija (1995.), Kosovo (2001.), Crna Gora (2005.), Sjeverna Makedonija (2005.), Bosna i Hercegovina (2017.), Srbija (2019.), Slovenija (2020.) Hrvatska (2020.), i Gr\u010dka i Kipar (2024). Tijekom proteklih 30 godina energi\u010dno i stalno smo pove\u0107avali na\u0161u prisutnost u ovom podru\u010dju, \u010dine\u0107i Eurolab jednim od najpouzdanijih partnera za vrhunske tvrtke.<\/p>\r\n\r\n\r\n\r\n<p>We are committed to grow most effectively our distribution network to the fullest, consequently, we made significant investments in developing Mapo Cash&amp;Carry and Mapo City, two retail concepts.<\/p>\r\n\r\n\r\n\r\n<p>Since 2022, private brand products including Craft Masters, Vinium Master, Bella Serata, and Welfbrau have also been added to our portfolio.<\/p>\r\n<\/div>\r\n<\/div>\r\n\r\n\r\n\r\n<p>&nbsp;<\/p>\r\n\r\n\r\n\r\n<p>&nbsp;<\/p>\r\n\r\n\r\n\r\n<div class=\"wp-block-media-text alignfull is-stacked-on-mobile is-vertically-aligned-center\">\r\n<figure class=\"wp-block-media-text__media\"><img loading=\"lazy\" decoding=\"async\" width=\"2560\" height=\"1707\" class=\"wp-image-503 size-full\" src=\"https:\/\/eurolab.hr\/wp-content\/uploads\/2022\/09\/54-1-scaled.webp\" alt=\"\" srcset=\"https:\/\/eurolab.hr\/wp-content\/uploads\/2022\/09\/54-1-scaled.webp 2560w, https:\/\/eurolab.hr\/wp-content\/uploads\/2022\/09\/54-1-300x200.webp 300w, https:\/\/eurolab.hr\/wp-content\/uploads\/2022\/09\/54-1-768x512.webp 768w, https:\/\/eurolab.hr\/wp-content\/uploads\/2022\/09\/54-1-1536x1024.webp 1536w, https:\/\/eurolab.hr\/wp-content\/uploads\/2022\/09\/54-1-2048x1365.webp 2048w, https:\/\/eurolab.hr\/wp-content\/uploads\/2022\/09\/54-1-18x12.webp 18w\" sizes=\"auto, (max-width: 2560px) 100vw, 2560px\" \/><\/figure>\r\n<div class=\"wp-block-media-text__content\">\r\n<h3 class=\"has-text-align-center has-text-color wp-block-heading\" style=\"color: #000000;\">\u00a0<\/h3>\r\n\r\n\r\n\r\n<p class=\"has-text-align-center has-extra-small-font-size\">We carefully select the brands in our portfolio to provide our clients and consumers with the best of the international market in accordance with their local desires and tastes. Eurolab has over over 80 global partners from Italy, France, Germany, Belgium, the Great Britain, the Netherlands, Spain, Japan, Mexico, and many other countries<\/p>\r\n<\/div>\r\n<\/div>\r\n\r\n\r\n\r\n<p>&nbsp;<\/p>\r\n\r\n\r\n\r\n<p>The Eurolab International Grup brings the distinctive experiences and cultures of these countries along on this journey; driven and inspired by these nations and their international cultures continually striving to establish communication channels and open new doors.<\/p>\r\n<p>We are the most trusted partner in the country and region because of our workplace culture is characterized by enthusiasm, innovation, dedication, and long-term partnership.<\/p>\r\n<p>Our growth and success strategy is guided by our values, which enable us to consistently expand our brand portfolio and services to satisfy the needs of consumers.<\/p>\r\n<p>Today, the Eurolab International Grup is a consolidated group of businesses that operates across all of the countries in the region. The group's name derives from the natural union of the best European products and Lab\u00ebria, a southern region of Albania.<\/p>\r\n\r\n\r\n<hr class=\"wp-block-separator has-css-opacity\" \/>\r\n\r\n\r\n<h2 class=\"wp-block-heading\">Vision and Mission<\/h2>\r\n\r\n\r\n\r\n<div class=\"wp-block-columns is-layout-flex wp-container-core-columns-is-layout-9d6595d7 wp-block-columns-is-layout-flex\">\r\n<div class=\"wp-block-column is-layout-flow wp-block-column-is-layout-flow\">\r\n<h3 class=\"wp-block-heading\">\u00a0<\/h3>\r\n\r\n\r\n\r\n<figure class=\"wp-block-image size-full\"><img loading=\"lazy\" decoding=\"async\" class=\"alignnone wp-image-852 size-full\" src=\"https:\/\/eurolab.hr\/wp-content\/uploads\/2024\/07\/vizioni-en.png\" alt=\"\" width=\"944\" height=\"666\" srcset=\"https:\/\/eurolab.hr\/wp-content\/uploads\/2024\/07\/vizioni-en.png 944w, https:\/\/eurolab.hr\/wp-content\/uploads\/2024\/07\/vizioni-en-300x212.png 300w, https:\/\/eurolab.hr\/wp-content\/uploads\/2024\/07\/vizioni-en-768x542.png 768w, https:\/\/eurolab.hr\/wp-content\/uploads\/2024\/07\/vizioni-en-18x12.png 18w\" sizes=\"auto, (max-width: 944px) 100vw, 944px\" \/><\/figure>\r\n<\/div>\r\n\r\n\r\n\r\n<div class=\"wp-block-column is-layout-flow wp-block-column-is-layout-flow\">\r\n<h3 class=\"wp-block-heading\">\u00a0<\/h3>\r\n\r\n\r\n\r\n<figure class=\"wp-block-image size-full\"><img loading=\"lazy\" decoding=\"async\" class=\"alignnone wp-image-853 size-full\" src=\"https:\/\/eurolab.hr\/wp-content\/uploads\/2024\/08\/misioni-en.png\" alt=\"\" width=\"944\" height=\"666\" srcset=\"https:\/\/eurolab.hr\/wp-content\/uploads\/2024\/08\/misioni-en.png 944w, https:\/\/eurolab.hr\/wp-content\/uploads\/2024\/08\/misioni-en-300x212.png 300w, https:\/\/eurolab.hr\/wp-content\/uploads\/2024\/08\/misioni-en-768x542.png 768w, https:\/\/eurolab.hr\/wp-content\/uploads\/2024\/08\/misioni-en-18x12.png 18w\" sizes=\"auto, (max-width: 944px) 100vw, 944px\" \/><\/figure>\r\n<\/div>\r\n<\/div>\r\n\r\n\r\n<hr class=\"wp-block-separator has-css-opacity\" \/>\r\n\r\n\r\n<h3 class=\"wp-block-heading\">Company Values<\/h3>\r\n\r\n\r\n\r\n<p>EIG values are set out in the Company Code of Conduct. Values are at the heart of company policy development. EIG works in different markets and countries. What keeps us together are our values. For more than 27 years, EIG has worked hard to become a company having at its core the respect for integrity, being proud for its continues and secure growth &amp; development. The Code of Conduct defines how to live and work led by goodness, dedicated, honest, fair, loyal, punctual, and respectful creating the right environment for each of us. This is a mission that EIG owes to suppliers, customers and the general public, who are our direct consumers, but first of all to each other.<\/p>\r\n\r\n\r\n<hr class=\"wp-block-separator has-css-opacity\" \/>\r\n\r\n\r\n<h2 class=\"wp-block-heading\"><strong>ISO (International Organization for Standardization) 9 001:2015, 22 000:2018, 45 001:2018<\/strong><\/h2>\r\n\r\n\r\n\r\n<p>&nbsp;<\/p>\r\n\r\n\r\n\r\n<p>&nbsp;<\/p>\r\n\r\n\r\n\r\n<p>&nbsp;<\/p>\r\n\r\n\r\n\r\n<div class=\"wp-block-media-text alignfull has-media-on-the-right is-stacked-on-mobile is-vertically-aligned-center\">\r\n<figure class=\"wp-block-media-text__media\"><img loading=\"lazy\" decoding=\"async\" width=\"1000\" height=\"1500\" class=\"wp-image-490 size-full\" src=\"https:\/\/eurolab.hr\/wp-content\/uploads\/2022\/09\/EUROLAB-73-of-77.jpg\" alt=\"\" srcset=\"https:\/\/eurolab.hr\/wp-content\/uploads\/2022\/09\/EUROLAB-73-of-77.jpg 1000w, https:\/\/eurolab.hr\/wp-content\/uploads\/2022\/09\/EUROLAB-73-of-77-200x300.jpg 200w, https:\/\/eurolab.hr\/wp-content\/uploads\/2022\/09\/EUROLAB-73-of-77-768x1152.jpg 768w, https:\/\/eurolab.hr\/wp-content\/uploads\/2022\/09\/EUROLAB-73-of-77-8x12.jpg 8w\" sizes=\"auto, (max-width: 1000px) 100vw, 1000px\" \/><\/figure>\r\n<div class=\"wp-block-media-text__content\">\r\n<h3 class=\"has-text-align-center has-text-color wp-block-heading\" style=\"color: #000000;\">\u00a0<\/h3>\r\n\r\n\r\n\r\n<p>The company's Top Management commitment to the workplace culture is reinforced, among other aspects, by the creation, adoption, and continuous improvement of our practices in accordance with international ISO standards.\u202fThese standards\u202fdefine all of our service, which consists of:<\/p>\r\n<p>Operations and transactions involving the import, export, transit, and trade of different industrial goods, as well as the sale, direct distribution, marketing, and supply to clients with processed foods, or raw materials, as well as alcoholic beverages.<\/p>\r\n<p>The following goods and services are provided by Eurolab in order to fulfil out its mission, which are arranged and performed in compliance with the stated ISO standards:<\/p>\r\n\r\n\r\n\r\n<p>\u2022 Distribution and sale of products in the Southwest Balkans\u2019 markets<\/p>\r\n\r\n\r\n\r\n<p>\u2022 The safety of our products<\/p>\r\n\r\n\r\n\r\n<p>\u2022 MAPO's Cash &amp; Carry services<\/p>\r\n\r\n\r\n\r\n<p>\u2022 HoReCa services including technical assistance<\/p>\r\n\r\n\r\n\r\n<p>\u2022 Marketing, merchandising &amp; market research services<\/p>\r\n\r\n\r\n\r\n<p>\u2022 Healthy &amp; safe working environment<\/p>\r\n\r\n\r\n\r\n<p>All company personnel strictly adhere to the regulatory frameworks of business development in the relevant markets, and we demand and work hard to ensure that all of our partners comply as well.<\/p>\r\n<\/div>\r\n<\/div>\r\n\r\n\r\n\r\n<p>&nbsp;<\/p>\r\n\r\n\r\n\r\n<p>&nbsp;<\/p>\r\n\r\n\r\n\r\n<div class=\"wp-block-columns is-layout-flex wp-container-core-columns-is-layout-9d6595d7 wp-block-columns-is-layout-flex\">\r\n<div class=\"wp-block-column is-layout-flow wp-block-column-is-layout-flow\" style=\"flex-basis: 33.33%;\">\u00a0<\/div>\r\n\r\n\r\n\r\n<div class=\"wp-block-column is-layout-flow wp-block-column-is-layout-flow\" style=\"flex-basis: 66.66%;\"><div class=\"row\">\n    <div class=\"iso-al\">\n        <div class=\"iso-div\">\n            <img decoding=\"async\" src=\"https:\/\/eurolab.hr\/wp-content\/uploads\/2022\/04\/iso-2-1.jpg\">\n            <a href=\"https:\/\/eurolab.hr\/wp-content\/uploads\/2022\/04\/ISO-45001.2018-Shqip.pdf\" target=\"_blank\">ISO 45001:2018<\/a>\n        <\/div>\n    <\/div>\n     <div class=\"iso-en\">\n        <div class=\"iso-div\">\n            <img decoding=\"async\" src=\"https:\/\/eurolab.hr\/wp-content\/uploads\/2022\/04\/iso-2-1.jpg\">\n            <a href=\"https:\/\/eurolab.hr\/wp-content\/uploads\/2022\/04\/ISO-45001.2018-Anglisht.pdf\" target=\"_blank\">ISO 45001:2018<\/a>\n        <\/div>\n    <\/div>\n     <div class=\"iso-al\">\n        <div class=\"iso-div\">\n            <img decoding=\"async\" src=\"https:\/\/eurolab.hr\/wp-content\/uploads\/2022\/04\/iso-3.jpg\">\n            <a href=\"https:\/\/eurolab.hr\/wp-content\/uploads\/2022\/04\/ISO-9001.2015-Shqip.pdf\" target=\"_blank\">ISO 9001:2015<\/a>\n        <\/div>\n    <\/div>\n     <div class=\"iso-en\">\n        <div class=\"iso-div\">\n            <img decoding=\"async\" src=\"https:\/\/eurolab.hr\/wp-content\/uploads\/2022\/04\/iso-3.jpg\">\n            <a href=\"https:\/\/eurolab.hr\/wp-content\/uploads\/2022\/04\/ISO-9001.2015-Anglisht.pdf\" target=\"_blank\">ISO 9001:2015<\/a>\n        <\/div>\n    <\/div>\n\t<div class=\"\">\n        <div class=\"iso-div\">\n            <img decoding=\"async\" src=\"https:\/\/eurolab.hr\/wp-content\/uploads\/2022\/04\/iso-1.jpg\">\n            <a href=\"https:\/\/eurolab.hr\/wp-content\/uploads\/2022\/04\/CERT_HACCP_EN_AL_EUROLAB.pdf\" target=\"_blank\">ISO H.A.C.C.P<\/a>\n        <\/div>\n    <\/div>\n\t<div class=\"\">\n        <div class=\"iso-div\">\n            <img decoding=\"async\" src=\"https:\/\/eurolab.hr\/wp-content\/uploads\/2022\/04\/iso-2.jpg\">\n            <a href=\"https:\/\/eurolab.hr\/wp-content\/uploads\/2022\/04\/CERT_22000_EN_AL_EUROLAB.pdf\" target=\"_blank\">ISO 22000:2018<\/a>\n        <\/div>\n    <\/div>\n<\/div>\n\n\r\n\r\n\r\n<div class=\"wp-block-buttons is-content-justification-center is-layout-flex wp-container-core-buttons-is-layout-16018d1d wp-block-buttons-is-layout-flex\"><\/div>\r\n<\/div>\r\n<\/div>","protected":false},"excerpt":{"rendered":"<p>EUROLAB INTERNACIONAL GRUP EUROLAB INTERNATIONAL GRUP osnovan je 1995. godine, kao jedna od pionirskih tvrtki u sektoru prodaje, distribucije i uvoza prehrambenih proizvoda i pi\u0107a u Albaniji. \u00a0 Deset tr\u017ei\u0161ta jugoisto\u010dne Europe na kojima trenutno poslujemo su: Albanija (1995.), Kosovo (2001.), Crna Gora (2005.), Sjeverna Makedonija (2005.), Bosna i Hercegovina (2017.), Srbija (2019.), Slovenija (2020.) [&hellip;]<\/p>\n","protected":false},"author":1,"featured_media":238,"parent":0,"menu_order":0,"comment_status":"closed","ping_status":"closed","template":"about.php","meta":{"_acf_changed":false,"inline_featured_image":false,"iawp_total_views":787,"footnotes":""},"class_list":["post-38","page","type-page","status-publish","has-post-thumbnail","hentry"],"acf":[],"_links":{"self":[{"href":"https:\/\/eurolab.hr\/en\/wp-json\/wp\/v2\/pages\/38","targetHints":{"allow":["GET"]}}],"collection":[{"href":"https:\/\/eurolab.hr\/en\/wp-json\/wp\/v2\/pages"}],"about":[{"href":"https:\/\/eurolab.hr\/en\/wp-json\/wp\/v2\/types\/page"}],"author":[{"embeddable":true,"href":"https:\/\/eurolab.hr\/en\/wp-json\/wp\/v2\/users\/1"}],"replies":[{"embeddable":true,"href":"https:\/\/eurolab.hr\/en\/wp-json\/wp\/v2\/comments?post=38"}],"version-history":[{"count":6,"href":"https:\/\/eurolab.hr\/en\/wp-json\/wp\/v2\/pages\/38\/revisions"}],"predecessor-version":[{"id":910,"href":"https:\/\/eurolab.hr\/en\/wp-json\/wp\/v2\/pages\/38\/revisions\/910"}],"wp:featuredmedia":[{"embeddable":true,"href":"https:\/\/eurolab.hr\/en\/wp-json\/wp\/v2\/media\/238"}],"wp:attachment":[{"href":"https:\/\/eurolab.hr\/en\/wp-json\/wp\/v2\/media?parent=38"}],"curies":[{"name":"wp","href":"https:\/\/api.w.org\/{rel}","templated":true}]}}