{"id":115,"date":"2022-04-05T13:12:30","date_gmt":"2022-04-05T13:12:30","guid":{"rendered":"http:\/\/localhost\/eurolab\/?page_id=115"},"modified":"2024-08-07T12:06:46","modified_gmt":"2024-08-07T12:06:46","slug":"otvoreni-natjecaji","status":"publish","type":"page","link":"https:\/\/eurolab.hr\/en\/otvoreni-natjecaji\/","title":{"rendered":"Employment opportunities"},"content":{"rendered":"<h2 class=\"has-text-color wp-block-heading\" style=\"color: #b80000;\">Employment opportunities<\/h2>\r\n\r\n\r\n\r\n<p>Eurolab offers internship opportunities for recent graduates. Join our team, and we'll give you the opportunity to advance professionally! Are you seeking a new position to maximize your potential? Want to have a successful career? Want an internship?<\/p>\r\n<p>We will help you express your talents, develop and attain your potential.<\/p>\r\n<p>Authorized Economic Operator (AEO) Status<\/p>\r\n<p>The Eurolab International Group has made great efforts to expand its business, boost productivity, and make our organization one of the most transparent in Albania and the surrounding countries.<br \/>For this reason, the Albanian Customs has granted Eurolab the \"Status of Reliability\" (AEO) of Authorized Economic Operator (AEO) beginning in December 2021, among 8 other businesses. Based on international standards, the OEA status is acknowledged in the CEFTA nations.<\/p>\r\n<p>What does this entail for Eurolab practically?<\/p>\r\n\r\n\r\n\r\n<p>\u2981 Simplified customs clearing procedures in Albania and CEFTA nations<br \/>\u2981 The access of storage areas both inside and outside the Customs area<br \/>\u2981 Reducing necessary guarantees, streamlining transit processes, etc.<\/p>\r\n\r\n\r\n\r\n<p>Eurolab has complied and has been the subject of control and monitoring for the following criteria: - no violation of Customs and Fiscal rules - an organization with clear direction and qualified staff - a positive Customs transport history - a cohesive commercial chain - the potential for total control - the capacity for payments - safety and health standards at work - etc.<\/p>","protected":false},"excerpt":{"rendered":"<p>Otvoreni natje\u010daji Eurolab nudi mogu\u0107nosti prakse za nedavno diplomirane studente. Pridru\u017eite se na\u0161em timu i pru\u017eit \u0107emo vam priliku za profesionalni napredak! Tra\u017eite li novu poziciju kako biste maksimalno iskoristili svoj potencijal? \u017delite li uspje\u0161nu karijeru? \u017delite li praksu? Pomo\u0107i \u0107emo vam da izrazite svoje talente, razvijete se i dostignete svoj potencijal. Status Ovla\u0161tenog Ekonomskog [&hellip;]<\/p>\n","protected":false},"author":1,"featured_media":241,"parent":0,"menu_order":0,"comment_status":"closed","ping_status":"closed","template":"mundesi-punsimi.php","meta":{"_acf_changed":false,"inline_featured_image":false,"iawp_total_views":218,"footnotes":""},"class_list":["post-115","page","type-page","status-publish","has-post-thumbnail","hentry"],"acf":[],"_links":{"self":[{"href":"https:\/\/eurolab.hr\/en\/wp-json\/wp\/v2\/pages\/115","targetHints":{"allow":["GET"]}}],"collection":[{"href":"https:\/\/eurolab.hr\/en\/wp-json\/wp\/v2\/pages"}],"about":[{"href":"https:\/\/eurolab.hr\/en\/wp-json\/wp\/v2\/types\/page"}],"author":[{"embeddable":true,"href":"https:\/\/eurolab.hr\/en\/wp-json\/wp\/v2\/users\/1"}],"replies":[{"embeddable":true,"href":"https:\/\/eurolab.hr\/en\/wp-json\/wp\/v2\/comments?post=115"}],"version-history":[{"count":4,"href":"https:\/\/eurolab.hr\/en\/wp-json\/wp\/v2\/pages\/115\/revisions"}],"predecessor-version":[{"id":877,"href":"https:\/\/eurolab.hr\/en\/wp-json\/wp\/v2\/pages\/115\/revisions\/877"}],"wp:featuredmedia":[{"embeddable":true,"href":"https:\/\/eurolab.hr\/en\/wp-json\/wp\/v2\/media\/241"}],"wp:attachment":[{"href":"https:\/\/eurolab.hr\/en\/wp-json\/wp\/v2\/media?parent=115"}],"curies":[{"name":"wp","href":"https:\/\/api.w.org\/{rel}","templated":true}]}}