{"id":112,"date":"2022-04-05T12:48:46","date_gmt":"2022-04-05T12:48:46","guid":{"rendered":"http:\/\/localhost\/eurolab\/?page_id=112"},"modified":"2024-07-25T13:30:14","modified_gmt":"2024-07-25T13:30:14","slug":"razvoj-radne-snage","status":"publish","type":"page","link":"https:\/\/eurolab.hr\/en\/razvoj-radne-snage\/","title":{"rendered":"Workforce Development"},"content":{"rendered":"<h2 class=\"has-text-color wp-block-heading\" style=\"color: #b80000;\">Workforce Development<\/h2>\r\n\r\n\r\n\r\n<p>Human resources focuses on identifying talent and facilitating employees' continuous development and advancement via training, career opportunities, coaching, mentoring, etc. <\/p>\r\n\r\n\r\n\r\n<p>Eurolab International Group is always looking for talented individuals to join the organization. The development of a professional skilled team depends on the efficient performance evaluation system for employees used by Eurolab. With our motivated staff, success at Eurolab is guaranteed.<\/p>\r\n\r\n\r\n\r\n<div class=\"wp-block-columns is-layout-flex wp-container-core-columns-is-layout-9d6595d7 wp-block-columns-is-layout-flex\">\r\n<div class=\"wp-block-column is-layout-flow wp-block-column-is-layout-flow\">\r\n<figure class=\"wp-block-image size-large\"><img decoding=\"async\" src=\"https:\/\/eurolab.com.al\/wp-content\/uploads\/2022\/04\/Artboard-19-100.png\" alt=\"\" \/><\/figure>\r\n<\/div>\r\n\r\n\r\n\r\n<div class=\"wp-block-column is-layout-flow wp-block-column-is-layout-flow\">\r\n<figure class=\"wp-block-image size-large\"><img decoding=\"async\" src=\"https:\/\/eurolab.com.al\/wp-content\/uploads\/2022\/04\/Artboard-20-1001.png\" alt=\"\" \/><\/figure>\r\n<\/div>\r\n\r\n\r\n\r\n<div class=\"wp-block-column is-layout-flow wp-block-column-is-layout-flow\">\u00a0<\/div>\r\n<\/div>","protected":false},"excerpt":{"rendered":"<p>Razvoj radne snage Ljudski resursi usmjereni su na prepoznavanje talenata i omogu\u0107avanje kontinuiranog razvoja i napredovanja zaposlenika putem obuke, mogu\u0107nosti karijere, treniranja, mentorstva itd. Eurolab International Group uvijek tra\u017ei talentirane pojedince da se pridru\u017ee organizaciji. Razvoj stru\u010dno osposobljenog tima ovisi o u\u010dinkovitom sustavu ocjenjivanja rada zaposlenika koji koristi Eurolab. Uz na\u0161e motivirano osoblje, uspjeh u [&hellip;]<\/p>\n","protected":false},"author":1,"featured_media":241,"parent":0,"menu_order":0,"comment_status":"closed","ping_status":"closed","template":"burime-njerezor.php","meta":{"_acf_changed":false,"inline_featured_image":false,"iawp_total_views":117,"footnotes":""},"class_list":["post-112","page","type-page","status-publish","has-post-thumbnail","hentry"],"acf":[],"_links":{"self":[{"href":"https:\/\/eurolab.hr\/en\/wp-json\/wp\/v2\/pages\/112","targetHints":{"allow":["GET"]}}],"collection":[{"href":"https:\/\/eurolab.hr\/en\/wp-json\/wp\/v2\/pages"}],"about":[{"href":"https:\/\/eurolab.hr\/en\/wp-json\/wp\/v2\/types\/page"}],"author":[{"embeddable":true,"href":"https:\/\/eurolab.hr\/en\/wp-json\/wp\/v2\/users\/1"}],"replies":[{"embeddable":true,"href":"https:\/\/eurolab.hr\/en\/wp-json\/wp\/v2\/comments?post=112"}],"version-history":[{"count":1,"href":"https:\/\/eurolab.hr\/en\/wp-json\/wp\/v2\/pages\/112\/revisions"}],"predecessor-version":[{"id":861,"href":"https:\/\/eurolab.hr\/en\/wp-json\/wp\/v2\/pages\/112\/revisions\/861"}],"wp:featuredmedia":[{"embeddable":true,"href":"https:\/\/eurolab.hr\/en\/wp-json\/wp\/v2\/media\/241"}],"wp:attachment":[{"href":"https:\/\/eurolab.hr\/en\/wp-json\/wp\/v2\/media?parent=112"}],"curies":[{"name":"wp","href":"https:\/\/api.w.org\/{rel}","templated":true}]}}